{"id":27,"date":"2020-06-24T11:40:19","date_gmt":"2020-06-24T09:40:19","guid":{"rendered":"http:\/\/bsmn.neuimweb.de\/technikerschule\/?page_id=27"},"modified":"2025-09-11T16:29:16","modified_gmt":"2025-09-11T14:29:16","slug":"schulpsychologie","status":"publish","type":"page","link":"https:\/\/www.bsmn.de\/berufsschule-badwoerishofen\/wir-ueber-uns\/schulpsychologie\/","title":{"rendered":"Schulpsychologie"},"content":{"rendered":"\n<h3 class=\"wp-block-heading\"><strong>Schulpsychologische Beratung an unserer Berufsschule<\/strong><\/h3>\n\n\n\n<div class=\"wp-block-columns is-layout-flex wp-container-core-columns-is-layout-9d6595d7 wp-block-columns-is-layout-flex\">\n<div class=\"wp-block-column is-layout-flow wp-block-column-is-layout-flow\" style=\"flex-basis:33.33%\">\n<figure class=\"wp-block-image size-large is-resized\"><img fetchpriority=\"high\" decoding=\"async\" width=\"683\" height=\"1024\" src=\"https:\/\/www.bsmn.de\/berufsschule-badwoerishofen\/wp-content\/uploads\/sites\/4\/2021\/09\/Woerz-1-2-683x1024-1.jpg\" alt=\"\" class=\"wp-image-2464\" style=\"width:158px;height:236px\" srcset=\"https:\/\/www.bsmn.de\/berufsschule-badwoerishofen\/wp-content\/uploads\/sites\/4\/2021\/09\/Woerz-1-2-683x1024-1.jpg 683w, https:\/\/www.bsmn.de\/berufsschule-badwoerishofen\/wp-content\/uploads\/sites\/4\/2021\/09\/Woerz-1-2-683x1024-1-200x300.jpg 200w, https:\/\/www.bsmn.de\/berufsschule-badwoerishofen\/wp-content\/uploads\/sites\/4\/2021\/09\/Woerz-1-2-683x1024-1-600x900.jpg 600w\" sizes=\"(max-width: 683px) 100vw, 683px\" \/><\/figure>\n\n\n\n<h3 class=\"wp-block-heading\"><strong>Simone W\u00f6rz<\/strong><\/h3>\n<\/div>\n\n\n\n<div class=\"wp-block-column is-layout-flow wp-block-column-is-layout-flow\" style=\"flex-basis:66.66%\"><\/div>\n<\/div>\n\n\n\n<p>Staatliche Schulpsychologin<br><strong>Telefonnummer:<\/strong> 0160 99646128<br><strong>E-Mail: <\/strong><a rel=\"noreferrer noopener\" href=\"mailto:simone.woerz@bsmn.de\" target=\"_blank\">simone.woerz@bsmn.de<\/a><\/p>\n\n\n\n<h3 class=\"wp-block-heading\"><strong>Beratung und Unterst\u00fctzung<\/strong><\/h3>\n\n\n\n<ul class=\"wp-block-list\">\n<li>bei Pr\u00fcfungsangst und Schulvermeidung<\/li>\n\n\n\n<li>bei Lern- und Leistungsproblemen<\/li>\n\n\n\n<li>bei psychischen Problemen<\/li>\n\n\n\n<li>bei Fragen zu Nachteilsausgleich und Notenschutz (z. B. bei Lese-\/Rechtschreibst\u00f6rungen)<\/li>\n\n\n\n<li>bei der Vermittlung und Begleitung zu&nbsp;z. B. Kliniken, Fach\u00e4rzten, Psychologen, Erziehungsberatungsstellen<\/li>\n<\/ul>\n\n\n\n<p><strong>Sprechzeiten:<\/strong><br>Donnerstag von 8:00 Uhr bis 9:30 Uhr &#8211; Raum 2.08<\/p>\n\n\n\n<p>Termine auch au\u00dferhalb der Sprechzeiten nach Vereinbarung m\u00f6glich.<br><strong>Die Beratung ist freiwillig, kostenlos und unterliegt der Schweigepflicht.<\/strong><\/p>\n\n\n\n<div class=\"wp-block-file\"><a id=\"wp-block-file--media-48774918-4d92-4f41-a438-f303fe23086c\" href=\"https:\/\/www.bsmn.de\/berufsschule-badwoerishofen\/wp-content\/uploads\/sites\/4\/2025\/09\/Beratungsteam_bad-woerishofen_flyer-2025.pdf\" target=\"_blank\" rel=\"noreferrer noopener\">Beratungsteam BW<\/a><\/div>\n\n\n\n<div style=\"height:50px\" aria-hidden=\"true\" class=\"wp-block-spacer\"><\/div>\n\n\n\n<h3 class=\"wp-block-heading\"><strong>Informationen und Antr\u00e4ge<\/strong><\/h3>\n\n\n\n<h4 class=\"wp-block-heading\"><strong>Lese-Rechtschreib-St\u00f6rung<\/strong><\/h4>\n\n\n\n<div class=\"wp-block-file\"><a id=\"wp-block-file--media-734073a3-6196-4269-9d50-0de2b89c670b\" href=\"https:\/\/www.bsmn.de\/berufsschule-badwoerishofen\/wp-content\/uploads\/sites\/4\/2024\/09\/01-Informationen.pdf\" target=\"_blank\" rel=\"noreferrer noopener\">01 Informationen<\/a><\/div>\n\n\n\n<div class=\"wp-block-file\"><a id=\"wp-block-file--media-4fec4c3d-99d6-4bc2-8807-25a034abb2f9\" href=\"https:\/\/www.bsmn.de\/berufsschule-badwoerishofen\/wp-content\/uploads\/sites\/4\/2022\/08\/02-Checkliste-fuer-die-Antragstellung.pdf\" target=\"_blank\" rel=\"noreferrer noopener\">02 Checkliste f\u00fcr die Antragstellung<\/a><\/div>\n\n\n\n<div class=\"wp-block-file\"><a id=\"wp-block-file--media-a73a7bc9-ce39-44ce-b03d-d6ab2858a5d4\" href=\"https:\/\/www.bsmn.de\/berufsschule-badwoerishofen\/wp-content\/uploads\/sites\/4\/2025\/04\/03-Antrag_LRS_digital.docx\" target=\"_blank\" rel=\"noreferrer noopener\">03 Antrag_LRS_digital<\/a><\/div>\n\n\n\n<div class=\"wp-block-file\"><a id=\"wp-block-file--media-19b2898f-5315-42a6-aa9c-369d2912d906\" href=\"https:\/\/www.bsmn.de\/berufsschule-badwoerishofen\/wp-content\/uploads\/sites\/4\/2025\/04\/03-Antrag_LRS_handschriftlich.pdf\" target=\"_blank\" rel=\"noreferrer noopener\">03 Antrag_LRS_handschriftlich<\/a><\/div>\n\n\n\n<div class=\"wp-block-file\"><a id=\"wp-block-file--media-93ea780d-2d9b-4c71-b8b3-c86d2f9466c5\" href=\"https:\/\/www.bsmn.de\/berufsschule-badwoerishofen\/wp-content\/uploads\/sites\/4\/2021\/09\/Verzichtserklaerung-Nachteilsausgleich.pdf\" target=\"_blank\" rel=\"noreferrer noopener\">Verzichtserklaerung-Nachteilsausgleich<\/a><\/div>\n\n\n\n<h4 class=\"wp-block-heading\"><strong>\u00dcberblick &#8211; Hilfsangebote<\/strong><\/h4>\n\n\n\n<div class=\"wp-block-file\"><a id=\"wp-block-file--media-f228e841-a594-4a12-8d60-9f638693167f\" href=\"https:\/\/www.bsmn.de\/berufsschule-badwoerishofen\/wp-content\/uploads\/sites\/4\/2024\/09\/Hilfe-bei-Notlagen-1.pdf\" target=\"_blank\" rel=\"noreferrer noopener\">Hilfe bei unterschiedlichen Notlagen<\/a><\/div>\n\n\n\n<p><\/p>\n","protected":false},"excerpt":{"rendered":"<p>Schulpsychologische Beratung an unserer Berufsschule Simone W\u00f6rz Staatliche SchulpsychologinTelefonnummer: 0160 99646128E-Mail: simone.woerz@bsmn.de Beratung und Unterst\u00fctzung Sprechzeiten:Donnerstag von 8:00 Uhr bis 9:30 Uhr &#8211; Raum 2.08 Termine auch au\u00dferhalb der Sprechzeiten nach Vereinbarung m\u00f6glich.Die Beratung ist freiwillig, kostenlos und unterliegt der Schweigepflicht. Informationen und Antr\u00e4ge Lese-Rechtschreib-St\u00f6rung \u00dcberblick &#8211; Hilfsangebote<\/p>\n","protected":false},"author":2,"featured_media":332,"parent":9,"menu_order":0,"comment_status":"closed","ping_status":"closed","template":"","meta":{"footnotes":""},"class_list":["post-27","page","type-page","status-publish","has-post-thumbnail","hentry"],"_links":{"self":[{"href":"https:\/\/www.bsmn.de\/berufsschule-badwoerishofen\/wp-json\/wp\/v2\/pages\/27","targetHints":{"allow":["GET"]}}],"collection":[{"href":"https:\/\/www.bsmn.de\/berufsschule-badwoerishofen\/wp-json\/wp\/v2\/pages"}],"about":[{"href":"https:\/\/www.bsmn.de\/berufsschule-badwoerishofen\/wp-json\/wp\/v2\/types\/page"}],"author":[{"embeddable":true,"href":"https:\/\/www.bsmn.de\/berufsschule-badwoerishofen\/wp-json\/wp\/v2\/users\/2"}],"replies":[{"embeddable":true,"href":"https:\/\/www.bsmn.de\/berufsschule-badwoerishofen\/wp-json\/wp\/v2\/comments?post=27"}],"version-history":[{"count":22,"href":"https:\/\/www.bsmn.de\/berufsschule-badwoerishofen\/wp-json\/wp\/v2\/pages\/27\/revisions"}],"predecessor-version":[{"id":4828,"href":"https:\/\/www.bsmn.de\/berufsschule-badwoerishofen\/wp-json\/wp\/v2\/pages\/27\/revisions\/4828"}],"up":[{"embeddable":true,"href":"https:\/\/www.bsmn.de\/berufsschule-badwoerishofen\/wp-json\/wp\/v2\/pages\/9"}],"wp:featuredmedia":[{"embeddable":true,"href":"https:\/\/www.bsmn.de\/berufsschule-badwoerishofen\/wp-json\/wp\/v2\/media\/332"}],"wp:attachment":[{"href":"https:\/\/www.bsmn.de\/berufsschule-badwoerishofen\/wp-json\/wp\/v2\/media?parent=27"}],"curies":[{"name":"wp","href":"https:\/\/api.w.org\/{rel}","templated":true}]}}