{"id":1868,"date":"2020-06-24T11:51:31","date_gmt":"2020-06-24T09:51:31","guid":{"rendered":"http:\/\/bsmn.neuimweb.de\/berufsschule-badwoerishofen\/webuntis\/"},"modified":"2022-09-08T18:49:31","modified_gmt":"2022-09-08T16:49:31","slug":"webuntis","status":"publish","type":"page","link":"https:\/\/www.bsmn.de\/berufsschule-badwoerishofen\/webuntis\/","title":{"rendered":"WebUntis"},"content":{"rendered":"\n<div class=\"wp-block-image\"><figure class=\"alignright size-large\"><a href=\"https:\/\/nessa.webuntis.com\/WebUntis\/?school=SBS-Mindelheim#\/basic\/main\" target=\"_blank\" rel=\"noopener noreferrer\"><img fetchpriority=\"high\" decoding=\"async\" width=\"352\" height=\"180\" src=\"https:\/\/www.bsmn.de\/berufsschule-mindelheim\/wp-content\/uploads\/sites\/2\/2021\/01\/webuntis.jpg\" alt=\"\" class=\"wp-image-1871\" srcset=\"https:\/\/www.bsmn.de\/berufsschule-badwoerishofen\/wp-content\/uploads\/sites\/4\/2021\/01\/webuntis.jpg 352w, https:\/\/www.bsmn.de\/berufsschule-badwoerishofen\/wp-content\/uploads\/sites\/4\/2021\/01\/webuntis-300x153.jpg 300w\" sizes=\"(max-width: 352px) 100vw, 352px\" \/><\/a><\/figure><\/div>\n\n\n\n<figure class=\"wp-block-image size-large is-resized\"><a href=\"https:\/\/nessa.webuntis.com\/WebUntis\/?school=SBS-Mindelheim#\/basic\/main\" target=\"_blank\" rel=\"noopener noreferrer\"><img decoding=\"async\" src=\"https:\/\/www.bsmn.de\/berufsschule-mindelheim\/wp-content\/uploads\/sites\/2\/2021\/01\/webuntis-login.jpg\" alt=\"\" class=\"wp-image-1870\" width=\"192\" height=\"57\" \/><\/a><\/figure>\n\n\n\n<p><\/p>\n\n\n\n<h3 class=\"wp-block-heading\">Beschreibung zum Anmelden bei Webuntis:<\/h3>\n\n\n\n<div class=\"wp-block-file\"><a id=\"wp-block-file--media-c93598d2-9232-4e87-bfdb-045c1408f8cb\" href=\"https:\/\/www.bsmn.de\/berufsschule-badwoerishofen\/wp-content\/uploads\/sites\/4\/2022\/09\/21-WebUntisBW.pdf\" target=\"_blank\" rel=\"noreferrer noopener\">WebUntis Anleitung<\/a><\/div>\n\n\n\n<h3 class=\"wp-block-heading\">Sie m\u00f6chten Ihr Passwort zur\u00fccksetzen: <\/h3>\n\n\n\n<p>F\u00fcr Sch\u00fcler und Sch\u00fclerinnen in <strong>Bad W\u00f6rishofen<\/strong><\/p>\n\n\n\n<p><a rel=\"noreferrer noopener\" href=\"https:\/\/passwort.bsbadw.de\/ssp\/\" target=\"_blank\">https:\/\/passwort.bsbadw.de\/ssp\/<\/a><\/p>\n\n\n\n<div class=\"wp-block-file\"><a id=\"wp-block-file--media-dcdee317-769c-4801-9cf3-d6080833f9a9\" href=\"https:\/\/www.bsmn.de\/berufsschule-badwoerishofen\/wp-content\/uploads\/sites\/4\/2021\/10\/160_WebUntisBW.pdf\">Anleitung f\u00fcr WebUntis BW<\/a><\/div>\n\n\n\n<p>F\u00fcr Sch\u00fcler und Sch\u00fclerinnen in <strong>Memmingen<\/strong><\/p>\n\n\n\n<p><a href=\"https:\/\/passwort.bfsnmm.de\/ssp\/\" data-type=\"URL\" data-id=\"https:\/\/passwort.bfsnmm.de\/ssp\/\">https:\/\/passwort.bfsnmm.de\/ssp\/<\/a><\/p>\n\n\n\n<div class=\"wp-block-file\"><a id=\"wp-block-file--media-0bad8a02-4326-4e16-866a-f8295c132562\" href=\"https:\/\/www.bsmn.de\/berufsschule-badwoerishofen\/wp-content\/uploads\/sites\/4\/2021\/10\/160_WebUntisMM-1.pdf\">Anleitung f\u00fcr WebUntis MM<\/a><\/div>\n\n\n\n<p><\/p>\n\n\n\n<p>F\u00fcr Sch\u00fcler und Sch\u00fclerinnen in <strong>Mindelheim<\/strong><\/p>\n\n\n\n<p><a href=\"https:\/\/passwort.bsmn.de\/ssp\/\">https:\/\/passwort.bsmn.de\/ssp\/de<\/a><\/p>\n\n\n\n<div class=\"wp-block-file\"><a id=\"wp-block-file--media-513ac23b-40e4-49e1-8e31-e97e1ae89f8b\" href=\"https:\/\/www.bsmn.de\/berufsschule-badwoerishofen\/wp-content\/uploads\/sites\/4\/2021\/10\/160_WebUntisMN-1.pdf\">Anleitung f\u00fcr WebUntis MN<\/a><\/div>\n\n\n\n<p><\/p>\n","protected":false},"excerpt":{"rendered":"<p>Beschreibung zum Anmelden bei Webuntis: Sie m\u00f6chten Ihr Passwort zur\u00fccksetzen: F\u00fcr Sch\u00fcler und Sch\u00fclerinnen in Bad W\u00f6rishofen https:\/\/passwort.bsbadw.de\/ssp\/ F\u00fcr Sch\u00fcler und Sch\u00fclerinnen in Memmingen https:\/\/passwort.bfsnmm.de\/ssp\/ F\u00fcr Sch\u00fcler und Sch\u00fclerinnen in Mindelheim https:\/\/passwort.bsmn.de\/ssp\/de<\/p>\n","protected":false},"author":2,"featured_media":1720,"parent":0,"menu_order":0,"comment_status":"closed","ping_status":"closed","template":"","meta":{"footnotes":""},"class_list":["post-1868","page","type-page","status-publish","has-post-thumbnail","hentry"],"_links":{"self":[{"href":"https:\/\/www.bsmn.de\/berufsschule-badwoerishofen\/wp-json\/wp\/v2\/pages\/1868","targetHints":{"allow":["GET"]}}],"collection":[{"href":"https:\/\/www.bsmn.de\/berufsschule-badwoerishofen\/wp-json\/wp\/v2\/pages"}],"about":[{"href":"https:\/\/www.bsmn.de\/berufsschule-badwoerishofen\/wp-json\/wp\/v2\/types\/page"}],"author":[{"embeddable":true,"href":"https:\/\/www.bsmn.de\/berufsschule-badwoerishofen\/wp-json\/wp\/v2\/users\/2"}],"replies":[{"embeddable":true,"href":"https:\/\/www.bsmn.de\/berufsschule-badwoerishofen\/wp-json\/wp\/v2\/comments?post=1868"}],"version-history":[{"count":18,"href":"https:\/\/www.bsmn.de\/berufsschule-badwoerishofen\/wp-json\/wp\/v2\/pages\/1868\/revisions"}],"predecessor-version":[{"id":2996,"href":"https:\/\/www.bsmn.de\/berufsschule-badwoerishofen\/wp-json\/wp\/v2\/pages\/1868\/revisions\/2996"}],"wp:featuredmedia":[{"embeddable":true,"href":"https:\/\/www.bsmn.de\/berufsschule-badwoerishofen\/wp-json\/wp\/v2\/media\/1720"}],"wp:attachment":[{"href":"https:\/\/www.bsmn.de\/berufsschule-badwoerishofen\/wp-json\/wp\/v2\/media?parent=1868"}],"curies":[{"name":"wp","href":"https:\/\/api.w.org\/{rel}","templated":true}]}}