{"id":18,"date":"2020-06-24T11:39:27","date_gmt":"2020-06-24T09:39:27","guid":{"rendered":"http:\/\/bsmn.neuimweb.de\/technikerschule\/?page_id=18"},"modified":"2025-10-06T12:04:06","modified_gmt":"2025-10-06T10:04:06","slug":"kollegium","status":"publish","type":"page","link":"https:\/\/www.bsmn.de\/berufsschule-badwoerishofen\/wir-ueber-uns\/kollegium\/","title":{"rendered":"Kollegium"},"content":{"rendered":"<div class=\"wp-block-image\">\n<figure class=\"aligncenter size-full is-resized\"><img fetchpriority=\"high\" decoding=\"async\" width=\"788\" height=\"460\" src=\"https:\/\/www.bsmn.de\/berufsschule-badwoerishofen\/wp-content\/uploads\/sites\/4\/2025\/10\/Kollegium-BW-2025-2026-Zuschnitt.jpg\" alt=\"\" class=\"wp-image-4857\" style=\"width:825px;height:auto\" srcset=\"https:\/\/www.bsmn.de\/berufsschule-badwoerishofen\/wp-content\/uploads\/sites\/4\/2025\/10\/Kollegium-BW-2025-2026-Zuschnitt.jpg 788w, https:\/\/www.bsmn.de\/berufsschule-badwoerishofen\/wp-content\/uploads\/sites\/4\/2025\/10\/Kollegium-BW-2025-2026-Zuschnitt-300x175.jpg 300w, https:\/\/www.bsmn.de\/berufsschule-badwoerishofen\/wp-content\/uploads\/sites\/4\/2025\/10\/Kollegium-BW-2025-2026-Zuschnitt-768x448.jpg 768w, https:\/\/www.bsmn.de\/berufsschule-badwoerishofen\/wp-content\/uploads\/sites\/4\/2025\/10\/Kollegium-BW-2025-2026-Zuschnitt-600x350.jpg 600w\" sizes=\"(max-width: 788px) 100vw, 788px\" \/><\/figure>\n<\/div>\n\n\n<p>Gerne k\u00f6nnen Sie unsere Lehrer per E-Mail kontaktieren. Die E-Mail-Adresse setzt sich wie folgt zusammen:<br><strong>Vorname.Nachname@bsbadw.de<\/strong> <em>(Hinweis: \u00e4=ae; \u00f6=oe; \u00fc=ue)<\/em><\/p>\n\n\n\n<table id=\"tablepress-2\" class=\"tablepress tablepress-id-2\">\n<thead>\n<tr class=\"row-1\">\n\t<th class=\"column-1\">Name<\/th><th class=\"column-2\">Vorname<\/th><th class=\"column-3\">Funktion<\/th>\n<\/tr>\n<\/thead>\n<tbody class=\"row-striping row-hover\">\n<tr class=\"row-2\">\n\t<td class=\"column-1\">Achtmann<\/td><td class=\"column-2\">Ina<\/td><td class=\"column-3\">Fachbetreuerin Englisch<\/td>\n<\/tr>\n<tr class=\"row-3\">\n\t<td class=\"column-1\">Berger<\/td><td class=\"column-2\">Nils<\/td><td class=\"column-3\"><\/td>\n<\/tr>\n<tr class=\"row-4\">\n\t<td class=\"column-1\">Bischlager<\/td><td class=\"column-2\">Susanne<\/td><td class=\"column-3\"><\/td>\n<\/tr>\n<tr class=\"row-5\">\n\t<td class=\"column-1\">Br\u00fcck <\/td><td class=\"column-2\">Ulrich<\/td><td class=\"column-3\"><\/td>\n<\/tr>\n<tr class=\"row-6\">\n\t<td class=\"column-1\">Geiger<\/td><td class=\"column-2\">Klaus<\/td><td class=\"column-3\">Fachbetreuer Ern\u00e4hrung (Praxis)<\/td>\n<\/tr>\n<tr class=\"row-7\">\n\t<td class=\"column-1\">Girke, Dr. <\/td><td class=\"column-2\">Uwe<\/td><td class=\"column-3\">Fachbetreuer Ern\u00e4hrung<\/td>\n<\/tr>\n<tr class=\"row-8\">\n\t<td class=\"column-1\">Glas<\/td><td class=\"column-2\">Kathrin<\/td><td class=\"column-3\"><\/td>\n<\/tr>\n<tr class=\"row-9\">\n\t<td class=\"column-1\">H\u00f6rmann<\/td><td class=\"column-2\">Jonas<\/td><td class=\"column-3\"><\/td>\n<\/tr>\n<tr class=\"row-10\">\n\t<td class=\"column-1\">Horstmann<\/td><td class=\"column-2\">Jutta<\/td><td class=\"column-3\">Seminarlehrerin<\/td>\n<\/tr>\n<tr class=\"row-11\">\n\t<td class=\"column-1\">Joas<\/td><td class=\"column-2\">Johannes<\/td><td class=\"column-3\"><\/td>\n<\/tr>\n<tr class=\"row-12\">\n\t<td class=\"column-1\">Ke\u00dfler<\/td><td class=\"column-2\">Harald<\/td><td class=\"column-3\"><\/td>\n<\/tr>\n<tr class=\"row-13\">\n\t<td class=\"column-1\">Kleine-Albers<\/td><td class=\"column-2\">Christine<\/td><td class=\"column-3\"><\/td>\n<\/tr>\n<tr class=\"row-14\">\n\t<td class=\"column-1\">Kneipp<\/td><td class=\"column-2\">Christina<\/td><td class=\"column-3\"><\/td>\n<\/tr>\n<tr class=\"row-15\">\n\t<td class=\"column-1\">K\u00f6ssel<\/td><td class=\"column-2\">Ralf<\/td><td class=\"column-3\"><\/td>\n<\/tr>\n<tr class=\"row-16\">\n\t<td class=\"column-1\">K\u00fchn<\/td><td class=\"column-2\">Sabrina<\/td><td class=\"column-3\"><\/td>\n<\/tr>\n<tr class=\"row-17\">\n\t<td class=\"column-1\">Mack<\/td><td class=\"column-2\">Fabian<\/td><td class=\"column-3\"><\/td>\n<\/tr>\n<tr class=\"row-18\">\n\t<td class=\"column-1\">Mangrich<\/td><td class=\"column-2\">Ute<\/td><td class=\"column-3\">Au\u00dfenstellenleiterin<\/td>\n<\/tr>\n<tr class=\"row-19\">\n\t<td class=\"column-1\">M\u00fchlisch<\/td><td class=\"column-2\">Andrea<\/td><td class=\"column-3\">Fachmitarbeiterin Deutsch in der Regierung von Schwaben<\/td>\n<\/tr>\n<tr class=\"row-20\">\n\t<td class=\"column-1\">Peter<\/td><td class=\"column-2\">Simon<\/td><td class=\"column-3\"><\/td>\n<\/tr>\n<tr class=\"row-21\">\n\t<td class=\"column-1\">Rau<\/td><td class=\"column-2\">Angelika<\/td><td class=\"column-3\"><\/td>\n<\/tr>\n<tr class=\"row-22\">\n\t<td class=\"column-1\">Reimann-Weihe<\/td><td class=\"column-2\">Petra<\/td><td class=\"column-3\"><\/td>\n<\/tr>\n<tr class=\"row-23\">\n\t<td class=\"column-1\">Rowohl<\/td><td class=\"column-2\">J\u00f6rg<\/td><td class=\"column-3\">Fachbetreuer Wirtschaft und Verwaltung<br \/>\nE-Mail-Adrese: Vorname.Nachname@bsmn.de<\/td>\n<\/tr>\n<tr class=\"row-24\">\n\t<td class=\"column-1\">Schenk<\/td><td class=\"column-2\">Michael<\/td><td class=\"column-3\">Fachbetreuer Deutsch<br \/>\nE-Mail-Adrese: Vorname.Nachname@bsmn.de<\/td>\n<\/tr>\n<tr class=\"row-25\">\n\t<td class=\"column-1\">Schuster<\/td><td class=\"column-2\">Carolina<\/td><td class=\"column-3\">Fachbetreuerin Mathematik<br \/>\nE-Mail-Adrese: Vorname.Nachname@bsmn.de<\/td>\n<\/tr>\n<tr class=\"row-26\">\n\t<td class=\"column-1\">Seem\u00fcller<\/td><td class=\"column-2\">Sebastian<\/td><td class=\"column-3\"><\/td>\n<\/tr>\n<tr class=\"row-27\">\n\t<td class=\"column-1\">Seivert<\/td><td class=\"column-2\">Franziska<\/td><td class=\"column-3\">komm. Fachbetreuerin Ern\u00e4hrung<\/td>\n<\/tr>\n<tr class=\"row-28\">\n\t<td class=\"column-1\">Steber<\/td><td class=\"column-2\">Clara<\/td><td class=\"column-3\"><\/td>\n<\/tr>\n<tr class=\"row-29\">\n\t<td class=\"column-1\">Ulbrich-Trautwein<\/td><td class=\"column-2\">Gudrun<\/td><td class=\"column-3\"><\/td>\n<\/tr>\n<tr class=\"row-30\">\n\t<td class=\"column-1\">Umlauf<\/td><td class=\"column-2\">Carina<\/td><td class=\"column-3\"><\/td>\n<\/tr>\n<tr class=\"row-31\">\n\t<td class=\"column-1\">Wenninger<\/td><td class=\"column-2\">Danica<\/td><td class=\"column-3\"><\/td>\n<\/tr>\n<tr class=\"row-32\">\n\t<td class=\"column-1\">Windorf<\/td><td class=\"column-2\">Aleksandra<\/td><td class=\"column-3\"><\/td>\n<\/tr>\n<tr class=\"row-33\">\n\t<td class=\"column-1\">Winter<\/td><td class=\"column-2\">Rebecca<\/td><td class=\"column-3\">E-Mail-Adresse: Vorname.Nachname@bsmn.de<\/td>\n<\/tr>\n<tr class=\"row-34\">\n\t<td class=\"column-1\">Wittmann<\/td><td class=\"column-2\">Christian<\/td><td class=\"column-3\">E-Mail-Adresse: Vorname.Nachname@bsmn.de<\/td>\n<\/tr>\n<tr class=\"row-35\">\n\t<td class=\"column-1\">Zieger<\/td><td class=\"column-2\">Alexandra<\/td><td class=\"column-3\">E-Mail-Adresse: Vorname.Nachname@bsmn.de<\/td>\n<\/tr>\n<tr class=\"row-36\">\n\t<td class=\"column-1\">Zinsmeister<\/td><td class=\"column-2\">Herbert<\/td><td class=\"column-3\">Verbindungslehrer<\/td>\n<\/tr>\n<\/tbody>\n<\/table>\n<!-- #tablepress-2 from cache -->\n\n\n\n<p><\/p>\n","protected":false},"excerpt":{"rendered":"<p>Gerne k\u00f6nnen Sie unsere Lehrer per E-Mail kontaktieren. Die E-Mail-Adresse setzt sich wie folgt zusammen:Vorname.Nachname@bsbadw.de (Hinweis: \u00e4=ae; \u00f6=oe; \u00fc=ue)<\/p>\n","protected":false},"author":2,"featured_media":1612,"parent":9,"menu_order":0,"comment_status":"closed","ping_status":"closed","template":"","meta":{"footnotes":""},"class_list":["post-18","page","type-page","status-publish","has-post-thumbnail","hentry"],"_links":{"self":[{"href":"https:\/\/www.bsmn.de\/berufsschule-badwoerishofen\/wp-json\/wp\/v2\/pages\/18","targetHints":{"allow":["GET"]}}],"collection":[{"href":"https:\/\/www.bsmn.de\/berufsschule-badwoerishofen\/wp-json\/wp\/v2\/pages"}],"about":[{"href":"https:\/\/www.bsmn.de\/berufsschule-badwoerishofen\/wp-json\/wp\/v2\/types\/page"}],"author":[{"embeddable":true,"href":"https:\/\/www.bsmn.de\/berufsschule-badwoerishofen\/wp-json\/wp\/v2\/users\/2"}],"replies":[{"embeddable":true,"href":"https:\/\/www.bsmn.de\/berufsschule-badwoerishofen\/wp-json\/wp\/v2\/comments?post=18"}],"version-history":[{"count":23,"href":"https:\/\/www.bsmn.de\/berufsschule-badwoerishofen\/wp-json\/wp\/v2\/pages\/18\/revisions"}],"predecessor-version":[{"id":4858,"href":"https:\/\/www.bsmn.de\/berufsschule-badwoerishofen\/wp-json\/wp\/v2\/pages\/18\/revisions\/4858"}],"up":[{"embeddable":true,"href":"https:\/\/www.bsmn.de\/berufsschule-badwoerishofen\/wp-json\/wp\/v2\/pages\/9"}],"wp:featuredmedia":[{"embeddable":true,"href":"https:\/\/www.bsmn.de\/berufsschule-badwoerishofen\/wp-json\/wp\/v2\/media\/1612"}],"wp:attachment":[{"href":"https:\/\/www.bsmn.de\/berufsschule-badwoerishofen\/wp-json\/wp\/v2\/media?parent=18"}],"curies":[{"name":"wp","href":"https:\/\/api.w.org\/{rel}","templated":true}]}}