{"id":1049,"date":"2020-11-10T08:55:39","date_gmt":"2020-11-10T07:55:39","guid":{"rendered":"http:\/\/bsmn.neuimweb.de\/berufsschule-badwoerishofen\/?page_id=1049"},"modified":"2022-07-06T12:58:10","modified_gmt":"2022-07-06T10:58:10","slug":"kontakt","status":"publish","type":"page","link":"https:\/\/www.bsmn.de\/berufsschule-badwoerishofen\/schuelerheim\/kontakt\/","title":{"rendered":"Kontakt"},"content":{"rendered":"\n<h2 class=\"wp-block-heading\">Heimleitung<\/h2>\n\n\n\n<p>Anna Satzger<\/p>\n\n\n\n<p>Telefon: 08247 1023  <\/p>\n\n\n\n<p>E-Mail:  <a href=\"mailto:leitung.schuelerheim@bsbadw.de\">leitung.schuelerheim@bsbadw.de<\/a><\/p>\n\n\n\n<h2 class=\"wp-block-heading\">P\u00e4dagogisches Personal<\/h2>\n\n\n\n<p>Telefon: 08247 1022 <\/p>\n\n\n\n<p>E-Mail:  <a href=\"mailto:info.schuelerheim@bsbadw.de\">info.schuelerheim@bsbadw.de<\/a><\/p>\n\n\n\n<h2 class=\"wp-block-heading\">Haustechnik<\/h2>\n\n\n\n<p>Josef Briechle<\/p>\n\n\n\n<p>Telefon: 08247 334393<\/p>\n\n\n\n<p>E-Mail: <a href=\"mailto:heimtechnik.schuelerheim@bsbadw.de\">heimtechnik.schuelerheim@bsbadw.de<\/a>       <\/p>\n\n\n\n<h2 class=\"wp-block-heading\">K\u00fcchenleitung<\/h2>\n\n\n\n<p>Roland Leinsle<\/p>\n\n\n\n<p>Telefon: 08247 9671 131<\/p>\n\n\n\n<p>E-Mail: <a href=\"mailto:Roland.leinsle@bsbadw.de\">Roland.leinsle@bsbadw.de<\/a><\/p>\n\n\n\n<h2 class=\"wp-block-heading\">Adresse<\/h2>\n\n\n\n<p>Sch\u00fclerheim an der Staatlichen Berufsschule Au\u00dfenstelle Bad W\u00f6rishofen <\/p>\n\n\n\n<p>Oststra\u00dfe 38 <\/p>\n\n\n\n<p>86825 Bad W\u00f6rishofen<\/p>\n","protected":false},"excerpt":{"rendered":"<p>Heimleitung Anna Satzger Telefon: 08247 1023 E-Mail: leitung.schuelerheim@bsbadw.de P\u00e4dagogisches Personal Telefon: 08247 1022 E-Mail: info.schuelerheim@bsbadw.de Haustechnik Josef Briechle Telefon: 08247 334393 E-Mail: heimtechnik.schuelerheim@bsbadw.de K\u00fcchenleitung Roland Leinsle Telefon: 08247 9671 131 E-Mail: Roland.leinsle@bsbadw.de Adresse Sch\u00fclerheim an der Staatlichen Berufsschule Au\u00dfenstelle Bad W\u00f6rishofen Oststra\u00dfe 38 86825 Bad W\u00f6rishofen<\/p>\n","protected":false},"author":2,"featured_media":1100,"parent":953,"menu_order":0,"comment_status":"closed","ping_status":"closed","template":"","meta":{"footnotes":""},"class_list":["post-1049","page","type-page","status-publish","has-post-thumbnail","hentry"],"_links":{"self":[{"href":"https:\/\/www.bsmn.de\/berufsschule-badwoerishofen\/wp-json\/wp\/v2\/pages\/1049","targetHints":{"allow":["GET"]}}],"collection":[{"href":"https:\/\/www.bsmn.de\/berufsschule-badwoerishofen\/wp-json\/wp\/v2\/pages"}],"about":[{"href":"https:\/\/www.bsmn.de\/berufsschule-badwoerishofen\/wp-json\/wp\/v2\/types\/page"}],"author":[{"embeddable":true,"href":"https:\/\/www.bsmn.de\/berufsschule-badwoerishofen\/wp-json\/wp\/v2\/users\/2"}],"replies":[{"embeddable":true,"href":"https:\/\/www.bsmn.de\/berufsschule-badwoerishofen\/wp-json\/wp\/v2\/comments?post=1049"}],"version-history":[{"count":10,"href":"https:\/\/www.bsmn.de\/berufsschule-badwoerishofen\/wp-json\/wp\/v2\/pages\/1049\/revisions"}],"predecessor-version":[{"id":2811,"href":"https:\/\/www.bsmn.de\/berufsschule-badwoerishofen\/wp-json\/wp\/v2\/pages\/1049\/revisions\/2811"}],"up":[{"embeddable":true,"href":"https:\/\/www.bsmn.de\/berufsschule-badwoerishofen\/wp-json\/wp\/v2\/pages\/953"}],"wp:featuredmedia":[{"embeddable":true,"href":"https:\/\/www.bsmn.de\/berufsschule-badwoerishofen\/wp-json\/wp\/v2\/media\/1100"}],"wp:attachment":[{"href":"https:\/\/www.bsmn.de\/berufsschule-badwoerishofen\/wp-json\/wp\/v2\/media?parent=1049"}],"curies":[{"name":"wp","href":"https:\/\/api.w.org\/{rel}","templated":true}]}}