{"id":1033,"date":"2020-11-10T08:54:35","date_gmt":"2020-11-10T07:54:35","guid":{"rendered":"http:\/\/bsmn.neuimweb.de\/berufsschule-badwoerishofen\/?page_id=1033"},"modified":"2026-01-13T15:15:28","modified_gmt":"2026-01-13T14:15:28","slug":"allgemeines","status":"publish","type":"page","link":"https:\/\/www.bsmn.de\/berufsschule-badwoerishofen\/schuelerheim\/allgemeines\/","title":{"rendered":"Allgemeines"},"content":{"rendered":"\n<p>Das Sch\u00fclerheim ist mit 158 Betten ausgestattet, welche auf zwei H\u00e4user verteilt sind. Dabei handelt es sich fast ausschlie\u00dflich um Doppelzimmer, von denen jedes sein eigenes Bad aufweist.<\/p>\n\n\n\n<figure class=\"wp-block-gallery has-nested-images columns-default is-cropped wp-block-gallery-1 is-layout-flex wp-block-gallery-is-layout-flex\">\n<figure class=\"wp-block-image size-large\"><img fetchpriority=\"high\" decoding=\"async\" width=\"1024\" height=\"682\" data-id=\"1153\" src=\"https:\/\/www.bsmn.de\/berufsschule-badwoerishofen\/wp-content\/uploads\/sites\/4\/2020\/11\/Mensa-2-1024x682.jpg\" alt=\"\" class=\"wp-image-1153\" srcset=\"https:\/\/www.bsmn.de\/berufsschule-badwoerishofen\/wp-content\/uploads\/sites\/4\/2020\/11\/Mensa-2-1024x682.jpg 1024w, https:\/\/www.bsmn.de\/berufsschule-badwoerishofen\/wp-content\/uploads\/sites\/4\/2020\/11\/Mensa-2-300x200.jpg 300w, https:\/\/www.bsmn.de\/berufsschule-badwoerishofen\/wp-content\/uploads\/sites\/4\/2020\/11\/Mensa-2-768x512.jpg 768w, https:\/\/www.bsmn.de\/berufsschule-badwoerishofen\/wp-content\/uploads\/sites\/4\/2020\/11\/Mensa-2-1536x1024.jpg 1536w, https:\/\/www.bsmn.de\/berufsschule-badwoerishofen\/wp-content\/uploads\/sites\/4\/2020\/11\/Mensa-2-600x400.jpg 600w, https:\/\/www.bsmn.de\/berufsschule-badwoerishofen\/wp-content\/uploads\/sites\/4\/2020\/11\/Mensa-2.jpg 2000w\" sizes=\"(max-width: 1024px) 100vw, 1024px\" \/><\/figure>\n\n\n\n<figure class=\"wp-block-image size-large\"><img decoding=\"async\" width=\"1024\" height=\"682\" data-id=\"1154\" src=\"https:\/\/www.bsmn.de\/berufsschule-badwoerishofen\/wp-content\/uploads\/sites\/4\/2020\/11\/Mensa-1024x682.jpg\" alt=\"\" class=\"wp-image-1154\" srcset=\"https:\/\/www.bsmn.de\/berufsschule-badwoerishofen\/wp-content\/uploads\/sites\/4\/2020\/11\/Mensa-1024x682.jpg 1024w, https:\/\/www.bsmn.de\/berufsschule-badwoerishofen\/wp-content\/uploads\/sites\/4\/2020\/11\/Mensa-300x200.jpg 300w, https:\/\/www.bsmn.de\/berufsschule-badwoerishofen\/wp-content\/uploads\/sites\/4\/2020\/11\/Mensa-768x512.jpg 768w, https:\/\/www.bsmn.de\/berufsschule-badwoerishofen\/wp-content\/uploads\/sites\/4\/2020\/11\/Mensa-1536x1024.jpg 1536w, https:\/\/www.bsmn.de\/berufsschule-badwoerishofen\/wp-content\/uploads\/sites\/4\/2020\/11\/Mensa-600x400.jpg 600w, https:\/\/www.bsmn.de\/berufsschule-badwoerishofen\/wp-content\/uploads\/sites\/4\/2020\/11\/Mensa.jpg 2000w\" sizes=\"(max-width: 1024px) 100vw, 1024px\" \/><\/figure>\n\n\n\n<figure class=\"wp-block-image size-large\"><img decoding=\"async\" width=\"1024\" height=\"682\" data-id=\"1155\" src=\"https:\/\/www.bsmn.de\/berufsschule-badwoerishofen\/wp-content\/uploads\/sites\/4\/2020\/11\/Zimmer--1024x682.jpg\" alt=\"\" class=\"wp-image-1155\" srcset=\"https:\/\/www.bsmn.de\/berufsschule-badwoerishofen\/wp-content\/uploads\/sites\/4\/2020\/11\/Zimmer--1024x682.jpg 1024w, https:\/\/www.bsmn.de\/berufsschule-badwoerishofen\/wp-content\/uploads\/sites\/4\/2020\/11\/Zimmer--300x200.jpg 300w, https:\/\/www.bsmn.de\/berufsschule-badwoerishofen\/wp-content\/uploads\/sites\/4\/2020\/11\/Zimmer--768x512.jpg 768w, https:\/\/www.bsmn.de\/berufsschule-badwoerishofen\/wp-content\/uploads\/sites\/4\/2020\/11\/Zimmer--1536x1024.jpg 1536w, https:\/\/www.bsmn.de\/berufsschule-badwoerishofen\/wp-content\/uploads\/sites\/4\/2020\/11\/Zimmer--600x400.jpg 600w, https:\/\/www.bsmn.de\/berufsschule-badwoerishofen\/wp-content\/uploads\/sites\/4\/2020\/11\/Zimmer-.jpg 2000w\" sizes=\"(max-width: 1024px) 100vw, 1024px\" \/><\/figure>\n\n\n\n<figure class=\"wp-block-image size-large\"><img loading=\"lazy\" decoding=\"async\" width=\"1024\" height=\"682\" data-id=\"1261\" src=\"https:\/\/www.bsmn.de\/berufsschule-badwoerishofen\/wp-content\/uploads\/sites\/4\/2020\/11\/Zimmer-3-1024x682.jpg\" alt=\"\" class=\"wp-image-1261\" srcset=\"https:\/\/www.bsmn.de\/berufsschule-badwoerishofen\/wp-content\/uploads\/sites\/4\/2020\/11\/Zimmer-3-1024x682.jpg 1024w, https:\/\/www.bsmn.de\/berufsschule-badwoerishofen\/wp-content\/uploads\/sites\/4\/2020\/11\/Zimmer-3-300x200.jpg 300w, https:\/\/www.bsmn.de\/berufsschule-badwoerishofen\/wp-content\/uploads\/sites\/4\/2020\/11\/Zimmer-3-768x512.jpg 768w, https:\/\/www.bsmn.de\/berufsschule-badwoerishofen\/wp-content\/uploads\/sites\/4\/2020\/11\/Zimmer-3-1536x1024.jpg 1536w, https:\/\/www.bsmn.de\/berufsschule-badwoerishofen\/wp-content\/uploads\/sites\/4\/2020\/11\/Zimmer-3-600x400.jpg 600w, https:\/\/www.bsmn.de\/berufsschule-badwoerishofen\/wp-content\/uploads\/sites\/4\/2020\/11\/Zimmer-3.jpg 2000w\" sizes=\"(max-width: 1024px) 100vw, 1024px\" \/><\/figure>\n\n\n\n<figure class=\"wp-block-image size-large\"><img loading=\"lazy\" decoding=\"async\" width=\"683\" height=\"1024\" data-id=\"1262\" src=\"https:\/\/www.bsmn.de\/berufsschule-badwoerishofen\/wp-content\/uploads\/sites\/4\/2020\/11\/Zimmer-Haus-I-1-683x1024.jpg\" alt=\"\" class=\"wp-image-1262\" srcset=\"https:\/\/www.bsmn.de\/berufsschule-badwoerishofen\/wp-content\/uploads\/sites\/4\/2020\/11\/Zimmer-Haus-I-1-683x1024.jpg 683w, https:\/\/www.bsmn.de\/berufsschule-badwoerishofen\/wp-content\/uploads\/sites\/4\/2020\/11\/Zimmer-Haus-I-1-200x300.jpg 200w, https:\/\/www.bsmn.de\/berufsschule-badwoerishofen\/wp-content\/uploads\/sites\/4\/2020\/11\/Zimmer-Haus-I-1-768x1152.jpg 768w, https:\/\/www.bsmn.de\/berufsschule-badwoerishofen\/wp-content\/uploads\/sites\/4\/2020\/11\/Zimmer-Haus-I-1-1024x1536.jpg 1024w, https:\/\/www.bsmn.de\/berufsschule-badwoerishofen\/wp-content\/uploads\/sites\/4\/2020\/11\/Zimmer-Haus-I-1-1365x2048.jpg 1365w, https:\/\/www.bsmn.de\/berufsschule-badwoerishofen\/wp-content\/uploads\/sites\/4\/2020\/11\/Zimmer-Haus-I-1-600x900.jpg 600w, https:\/\/www.bsmn.de\/berufsschule-badwoerishofen\/wp-content\/uploads\/sites\/4\/2020\/11\/Zimmer-Haus-I-1-scaled.jpg 1707w\" sizes=\"(max-width: 683px) 100vw, 683px\" \/><\/figure>\n\n\n\n<figure class=\"wp-block-image size-large\"><img loading=\"lazy\" decoding=\"async\" width=\"1024\" height=\"682\" data-id=\"1263\" src=\"https:\/\/www.bsmn.de\/berufsschule-badwoerishofen\/wp-content\/uploads\/sites\/4\/2020\/11\/Zimmer-1-1024x682.jpg\" alt=\"\" class=\"wp-image-1263\" srcset=\"https:\/\/www.bsmn.de\/berufsschule-badwoerishofen\/wp-content\/uploads\/sites\/4\/2020\/11\/Zimmer-1-1024x682.jpg 1024w, https:\/\/www.bsmn.de\/berufsschule-badwoerishofen\/wp-content\/uploads\/sites\/4\/2020\/11\/Zimmer-1-300x200.jpg 300w, https:\/\/www.bsmn.de\/berufsschule-badwoerishofen\/wp-content\/uploads\/sites\/4\/2020\/11\/Zimmer-1-768x512.jpg 768w, https:\/\/www.bsmn.de\/berufsschule-badwoerishofen\/wp-content\/uploads\/sites\/4\/2020\/11\/Zimmer-1-1536x1024.jpg 1536w, https:\/\/www.bsmn.de\/berufsschule-badwoerishofen\/wp-content\/uploads\/sites\/4\/2020\/11\/Zimmer-1-600x400.jpg 600w, https:\/\/www.bsmn.de\/berufsschule-badwoerishofen\/wp-content\/uploads\/sites\/4\/2020\/11\/Zimmer-1.jpg 2000w\" sizes=\"(max-width: 1024px) 100vw, 1024px\" \/><\/figure>\n<\/figure>\n\n\n\n<p><\/p>\n","protected":false},"excerpt":{"rendered":"<p>Das Sch\u00fclerheim ist mit 158 Betten ausgestattet, welche auf zwei H\u00e4user verteilt sind. Dabei handelt es sich fast ausschlie\u00dflich um Doppelzimmer, von denen jedes sein eigenes Bad aufweist.<\/p>\n","protected":false},"author":2,"featured_media":1085,"parent":953,"menu_order":0,"comment_status":"closed","ping_status":"closed","template":"","meta":{"footnotes":""},"class_list":["post-1033","page","type-page","status-publish","has-post-thumbnail","hentry"],"_links":{"self":[{"href":"https:\/\/www.bsmn.de\/berufsschule-badwoerishofen\/wp-json\/wp\/v2\/pages\/1033","targetHints":{"allow":["GET"]}}],"collection":[{"href":"https:\/\/www.bsmn.de\/berufsschule-badwoerishofen\/wp-json\/wp\/v2\/pages"}],"about":[{"href":"https:\/\/www.bsmn.de\/berufsschule-badwoerishofen\/wp-json\/wp\/v2\/types\/page"}],"author":[{"embeddable":true,"href":"https:\/\/www.bsmn.de\/berufsschule-badwoerishofen\/wp-json\/wp\/v2\/users\/2"}],"replies":[{"embeddable":true,"href":"https:\/\/www.bsmn.de\/berufsschule-badwoerishofen\/wp-json\/wp\/v2\/comments?post=1033"}],"version-history":[{"count":15,"href":"https:\/\/www.bsmn.de\/berufsschule-badwoerishofen\/wp-json\/wp\/v2\/pages\/1033\/revisions"}],"predecessor-version":[{"id":4949,"href":"https:\/\/www.bsmn.de\/berufsschule-badwoerishofen\/wp-json\/wp\/v2\/pages\/1033\/revisions\/4949"}],"up":[{"embeddable":true,"href":"https:\/\/www.bsmn.de\/berufsschule-badwoerishofen\/wp-json\/wp\/v2\/pages\/953"}],"wp:featuredmedia":[{"embeddable":true,"href":"https:\/\/www.bsmn.de\/berufsschule-badwoerishofen\/wp-json\/wp\/v2\/media\/1085"}],"wp:attachment":[{"href":"https:\/\/www.bsmn.de\/berufsschule-badwoerishofen\/wp-json\/wp\/v2\/media?parent=1033"}],"curies":[{"name":"wp","href":"https:\/\/api.w.org\/{rel}","templated":true}]}}