{"id":101,"date":"2020-06-24T11:51:42","date_gmt":"2020-06-24T09:51:42","guid":{"rendered":"http:\/\/bsmn.neuimweb.de\/technikerschule\/?page_id=101"},"modified":"2026-04-16T14:03:39","modified_gmt":"2026-04-16T12:03:39","slug":"downloads","status":"publish","type":"page","link":"https:\/\/www.bsmn.de\/berufsschule-badwoerishofen\/downloads\/","title":{"rendered":"Downloads"},"content":{"rendered":"<\/p>\n\n\n<h2 class=\"wp-block-heading\">Formulare<\/h2>\n\n\n\n<div class=\"wp-block-file\"><a id=\"wp-block-file--media-ca6b4f82-516a-46a7-9ec7-ff9e08bdc158\" href=\"https:\/\/www.bsmn.de\/berufsschule-badwoerishofen\/wp-content\/uploads\/sites\/4\/2026\/04\/2-Heimunterbringung.pdf\" target=\"_blank\" rel=\"noreferrer noopener\">Hinweise zur Heimunterbringung<\/a><\/div>\n\n\n\n<div class=\"wp-block-file\"><a id=\"wp-block-file--media-289b4171-06dd-4bac-b6f9-e03037b66b7a\" href=\"https:\/\/www.bsmn.de\/berufsschule-badwoerishofen\/wp-content\/uploads\/sites\/4\/2024\/11\/Gastschulantrag-ab-2024.pdf\">Gastschulantrag<\/a><\/div>\n\n\n\n<div class=\"wp-block-file\"><a id=\"wp-block-file--media-a90ccd41-6a63-4db0-a28e-cd500e7a2490\" href=\"https:\/\/www.bsmn.de\/berufsschule-badwoerishofen\/wp-content\/uploads\/sites\/4\/2024\/09\/01_Befreiung_Entschuldigung-2024.pdf\" target=\"_blank\" rel=\"noreferrer noopener\">Befreiung\/Entschuldigung<\/a><\/div>\n\n\n\n<div class=\"wp-block-file\"><a id=\"wp-block-file--media-d4180806-3bbf-4c54-9992-ee502eeab4f3\" href=\"https:\/\/www.bsmn.de\/berufsschule-badwoerishofen\/wp-content\/uploads\/sites\/4\/2024\/09\/Notenuebersicht.pdf\" target=\"_blank\" rel=\"noreferrer noopener\">Noten\u00fcbersicht<\/a><\/div>\n\n\n\n<div class=\"wp-block-file\"><a id=\"wp-block-file--media-3af90d05-d9ee-4ca4-a1ce-b4b51075674e\" href=\"https:\/\/www.bsmn.de\/berufsschule-badwoerishofen\/wp-content\/uploads\/sites\/4\/2023\/05\/4-EH-Vertrag-und-Hinweise.pdf\" target=\"_blank\" rel=\"noreferrer noopener\">Zusatzqualifikation Europ. Hotelmanagement &#8211; Vertrag und Hinweise<\/a><\/div>\n\n\n\n<h2 class=\"wp-block-heading\">Informationen<\/h2>\n\n\n\n<div class=\"wp-block-file\"><a id=\"wp-block-file--media-b6f15cd8-682f-4495-8588-6c2b34a5d609\" href=\"https:\/\/www.bsmn.de\/berufsschule-badwoerishofen\/wp-content\/uploads\/sites\/4\/2025\/10\/BS-2025-26.pdf\" target=\"_blank\" rel=\"noreferrer noopener\">Wichtige Informationen Berufsschule 2025-2026<\/a><\/div>\n\n\n\n<div class=\"wp-block-file\"><a id=\"wp-block-file--media-14b4a157-6130-41b3-b8e5-9f2cfe2c10e7\" href=\"https:\/\/www.bsmn.de\/berufsschule-badwoerishofen\/wp-content\/uploads\/sites\/4\/2024\/09\/Hausordnung-2024-2025.pdf\" target=\"_blank\" rel=\"noreferrer noopener\">Hausordnung 2024-2025<\/a><\/div>\n\n\n\n<div class=\"wp-block-file\"><a id=\"wp-block-file--media-6fc37a83-a695-44af-93de-ea520560c9dc\" href=\"https:\/\/www.bsmn.de\/berufsschule-badwoerishofen\/wp-content\/uploads\/sites\/4\/2024\/09\/Kleiderordnung-2024-25.pdf\" target=\"_blank\" rel=\"noreferrer noopener\">Kleiderordnung<\/a><\/div>\n\n\n\n<div class=\"wp-block-file\"><a id=\"wp-block-file--media-fa959e4f-0b39-4154-a3e6-78717d257b9c\" href=\"https:\/\/www.bsmn.de\/berufsschule-badwoerishofen\/wp-content\/uploads\/sites\/4\/2024\/09\/Nextcloud-Webuntis.pdf\" target=\"_blank\" rel=\"noreferrer noopener\">Nextcloud und Webuntis<\/a><\/div>\n\n\n\n<div class=\"wp-block-file\"><a id=\"wp-block-file--media-1d2cb671-f9c5-4bc3-b183-34e8da908489\" href=\"https:\/\/www.bsmn.de\/berufsschule-badwoerishofen\/wp-content\/uploads\/sites\/4\/2022\/09\/14-IfSG-Merkblatt.pdf\" target=\"_blank\" rel=\"noreferrer noopener\">Infektionsschutz Merkblatt<\/a><\/div>\n\n\n\n<h2 class=\"wp-block-heading\">Deutschlandticket<\/h2>\n\n\n\n<div class=\"wp-block-file\"><a id=\"wp-block-file--media-e5f9bcd9-df8d-4ca0-a0b4-963c1be102da\" href=\"https:\/\/www.bsmn.de\/berufsschule-badwoerishofen\/wp-content\/uploads\/sites\/4\/2023\/08\/Handout_zum_Ermaessigungsticket_2.pdf\" target=\"_blank\" rel=\"noreferrer noopener\">Infos zum Ermaessigungsticket<\/a><\/div>\n\n\n\n<p>Ben\u00f6tigen Sie die Best\u00e4tigung zum erm\u00e4\u00dfigten Deutschlandticket? Sprechen Sie am besten direkt Ihre Klassenleitung an. <\/p>\n\n\n\n<h2 class=\"wp-block-heading\">Blockpl\u00e4ne<\/h2>\n\n\n\n<div class=\"wp-block-file\"><a id=\"wp-block-file--media-15e810b8-3e4f-4728-b77d-c75b2c698fb8\" href=\"https:\/\/www.bsmn.de\/berufsschule-badwoerishofen\/wp-content\/uploads\/sites\/4\/2026\/04\/1-Blockplan-Betriebe.pdf\" target=\"_blank\" rel=\"noreferrer noopener\">Blockplan 2026\/27<\/a><\/div>\n\n\n\n<div class=\"wp-block-file\"><a id=\"wp-block-file--media-68f661a7-89e4-40d2-8cca-565d0110ba77\" href=\"https:\/\/www.bsmn.de\/berufsschule-badwoerishofen\/wp-content\/uploads\/sites\/4\/2025\/10\/1-Blockplan-Betriebe.pdf\" target=\"_blank\" rel=\"noreferrer noopener\">Blockplan 2025\/26<\/a><\/div>\n\n\n\n<div class=\"wp-block-file\"><a id=\"wp-block-file--media-8af96eb8-75e5-44b9-ba8c-b7b5cc885199\" href=\"https:\/\/www.bsmn.de\/berufsschule-badwoerishofen\/wp-content\/uploads\/sites\/4\/2025\/10\/1-Blockplan-Betriebe.pdf\" target=\"_blank\" rel=\"noreferrer noopener\">Blockplan 2025\/26<\/a><\/div>\n\n\n\n<div class=\"wp-block-file\"><a id=\"wp-block-file--media-b70e5c7e-635d-4f78-80ac-e0f7e52aec10\" href=\"https:\/\/www.bsmn.de\/berufsschule-badwoerishofen\/wp-content\/uploads\/sites\/4\/2023\/04\/Blockplan-Betrieb-2023_24.pdf\" target=\"_blank\" rel=\"noreferrer noopener\">Blockplan 2023\/24<\/a><\/div>\n\n\n\n<p><\/p>\n","protected":false},"excerpt":{"rendered":"<p>Formulare Informationen Deutschlandticket Ben\u00f6tigen Sie die Best\u00e4tigung zum erm\u00e4\u00dfigten Deutschlandticket? Sprechen Sie am besten direkt Ihre Klassenleitung an. Blockpl\u00e4ne<\/p>\n","protected":false},"author":2,"featured_media":327,"parent":0,"menu_order":0,"comment_status":"closed","ping_status":"closed","template":"","meta":{"footnotes":""},"class_list":["post-101","page","type-page","status-publish","has-post-thumbnail","hentry"],"_links":{"self":[{"href":"https:\/\/www.bsmn.de\/berufsschule-badwoerishofen\/wp-json\/wp\/v2\/pages\/101","targetHints":{"allow":["GET"]}}],"collection":[{"href":"https:\/\/www.bsmn.de\/berufsschule-badwoerishofen\/wp-json\/wp\/v2\/pages"}],"about":[{"href":"https:\/\/www.bsmn.de\/berufsschule-badwoerishofen\/wp-json\/wp\/v2\/types\/page"}],"author":[{"embeddable":true,"href":"https:\/\/www.bsmn.de\/berufsschule-badwoerishofen\/wp-json\/wp\/v2\/users\/2"}],"replies":[{"embeddable":true,"href":"https:\/\/www.bsmn.de\/berufsschule-badwoerishofen\/wp-json\/wp\/v2\/comments?post=101"}],"version-history":[{"count":107,"href":"https:\/\/www.bsmn.de\/berufsschule-badwoerishofen\/wp-json\/wp\/v2\/pages\/101\/revisions"}],"predecessor-version":[{"id":5289,"href":"https:\/\/www.bsmn.de\/berufsschule-badwoerishofen\/wp-json\/wp\/v2\/pages\/101\/revisions\/5289"}],"wp:featuredmedia":[{"embeddable":true,"href":"https:\/\/www.bsmn.de\/berufsschule-badwoerishofen\/wp-json\/wp\/v2\/media\/327"}],"wp:attachment":[{"href":"https:\/\/www.bsmn.de\/berufsschule-badwoerishofen\/wp-json\/wp\/v2\/media?parent=101"}],"curies":[{"name":"wp","href":"https:\/\/api.w.org\/{rel}","templated":true}]}}